{"id":21,"date":"2025-11-18T12:20:14","date_gmt":"2025-11-18T11:20:14","guid":{"rendered":"https:\/\/maxence.app.ndlpavranches.fr\/?page_id=21"},"modified":"2026-04-07T12:50:07","modified_gmt":"2026-04-07T10:50:07","slug":"me-contacter","status":"publish","type":"page","link":"https:\/\/maxence.app.ndlpavranches.fr\/?page_id=21","title":{"rendered":"Me contacter"},"content":{"rendered":"\n<p class=\"has-text-align-center\"><strong><em>adresse e-mail<\/em><\/strong>: maxence.charles@ik.me<\/p>\n\n\n\n<p class=\"has-text-align-center\"><strong><em>num\u00e9ro de t\u00e9l\u00e9phone<\/em><\/strong>: 07 77 67 02 65<\/p>\n","protected":false},"excerpt":{"rendered":"<p>adresse e-mail: maxence.charles@ik.me num\u00e9ro de t\u00e9l\u00e9phone: 07 77 67 02 65<\/p>\n","protected":false},"author":1,"featured_media":0,"parent":12,"menu_order":2,"comment_status":"closed","ping_status":"closed","template":"","meta":{"saved_in_kubio":true,"_eb_attr":"","footnotes":""},"class_list":["post-21","page","type-page","status-publish","hentry"],"kubio_ai_page_context":{"short_desc":"","purpose":"general"},"_links":{"self":[{"href":"https:\/\/maxence.app.ndlpavranches.fr\/index.php?rest_route=\/wp\/v2\/pages\/21","targetHints":{"allow":["GET"]}}],"collection":[{"href":"https:\/\/maxence.app.ndlpavranches.fr\/index.php?rest_route=\/wp\/v2\/pages"}],"about":[{"href":"https:\/\/maxence.app.ndlpavranches.fr\/index.php?rest_route=\/wp\/v2\/types\/page"}],"author":[{"embeddable":true,"href":"https:\/\/maxence.app.ndlpavranches.fr\/index.php?rest_route=\/wp\/v2\/users\/1"}],"replies":[{"embeddable":true,"href":"https:\/\/maxence.app.ndlpavranches.fr\/index.php?rest_route=%2Fwp%2Fv2%2Fcomments&post=21"}],"version-history":[{"count":15,"href":"https:\/\/maxence.app.ndlpavranches.fr\/index.php?rest_route=\/wp\/v2\/pages\/21\/revisions"}],"predecessor-version":[{"id":291,"href":"https:\/\/maxence.app.ndlpavranches.fr\/index.php?rest_route=\/wp\/v2\/pages\/21\/revisions\/291"}],"up":[{"embeddable":true,"href":"https:\/\/maxence.app.ndlpavranches.fr\/index.php?rest_route=\/wp\/v2\/pages\/12"}],"wp:attachment":[{"href":"https:\/\/maxence.app.ndlpavranches.fr\/index.php?rest_route=%2Fwp%2Fv2%2Fmedia&parent=21"}],"curies":[{"name":"wp","href":"https:\/\/api.w.org\/{rel}","templated":true}]}}